{"id":12406,"date":"2019-11-26T12:47:01","date_gmt":"2019-11-26T11:47:01","guid":{"rendered":"http:\/\/comprensivobrigida.edu.it\/site\/?page_id=12406"},"modified":"2021-11-21T19:58:54","modified_gmt":"2021-11-21T18:58:54","slug":"genitori","status":"publish","type":"page","link":"https:\/\/www.comprensivobrigida.edu.it\/site\/genitori\/","title":{"rendered":"GENITORI"},"content":{"rendered":"\t\t<div data-elementor-type=\"wp-page\" data-elementor-id=\"12406\" class=\"elementor elementor-12406\" data-elementor-settings=\"[]\">\n\t\t\t\t\t\t\t<div class=\"elementor-section-wrap\">\n\t\t\t\t\t\t\t<section class=\"has_eae_slider elementor-section elementor-top-section elementor-element elementor-element-3f0b346 elementor-section-full_width elementor-section-height-default elementor-section-height-default\" data-id=\"3f0b346\" data-element_type=\"section\">\n\t\t\t\t\t\t<div class=\"elementor-container elementor-column-gap-default\">\n\t\t\t\t\t<div class=\"has_eae_slider elementor-column elementor-col-100 elementor-top-column elementor-element elementor-element-36f77b9\" data-id=\"36f77b9\" data-element_type=\"column\">\n\t\t\t<div class=\"elementor-widget-wrap elementor-element-populated\">\n\t\t\t\t\t\t\t\t<div class=\"elementor-element elementor-element-e7c0fda elementor-widget elementor-widget-text-editor\" data-id=\"e7c0fda\" data-element_type=\"widget\" data-widget_type=\"text-editor.default\">\n\t\t\t\t<div class=\"elementor-widget-container\">\n\t\t\t<style>\/*! elementor - v3.5.6 - 28-02-2022 *\/\n.elementor-widget-text-editor.elementor-drop-cap-view-stacked .elementor-drop-cap{background-color:#818a91;color:#fff}.elementor-widget-text-editor.elementor-drop-cap-view-framed .elementor-drop-cap{color:#818a91;border:3px solid;background-color:transparent}.elementor-widget-text-editor:not(.elementor-drop-cap-view-default) .elementor-drop-cap{margin-top:8px}.elementor-widget-text-editor:not(.elementor-drop-cap-view-default) .elementor-drop-cap-letter{width:1em;height:1em}.elementor-widget-text-editor .elementor-drop-cap{float:left;text-align:center;line-height:1;font-size:50px}.elementor-widget-text-editor .elementor-drop-cap-letter{display:inline-block}<\/style>\t\t\t\t\t\t\t\t\t\t<\/div>\n\t\t\t\t<\/div>\n\t\t\t\t<div class=\"elementor-element elementor-element-ef79778 elementor-widget elementor-widget-button\" data-id=\"ef79778\" data-element_type=\"widget\" data-widget_type=\"button.default\">\n\t\t\t\t<div class=\"elementor-widget-container\">\n\t\t\t\t\t<div class=\"elementor-button-wrapper\">\n\t\t\t<a href=\"https:\/\/www.comprensivobrigida.edu.it\/site\/studenti-famiglie\/\" class=\"elementor-button-link elementor-button elementor-size-sm\" role=\"button\">\n\t\t\t\t\t\t<span class=\"elementor-button-content-wrapper\">\n\t\t\t\t\t\t<span class=\"elementor-button-text\">MODULISTICA GENITORI<\/span>\n\t\t<\/span>\n\t\t\t\t\t<\/a>\n\t\t<\/div>\n\t\t\t\t<\/div>\n\t\t\t\t<\/div>\n\t\t\t\t<div class=\"elementor-element elementor-element-e4d84d5 elementor-widget elementor-widget-obfx-posts-grid\" data-id=\"e4d84d5\" data-element_type=\"widget\" data-widget_type=\"obfx-posts-grid.default\">\n\t\t\t\t<div class=\"elementor-widget-container\">\n\t\t\t<div class=\"obfx-grid\"><div class=\"obfx-grid-container obfx-grid-style-list obfx-grid-desktop-1\"><div class=\"obfx-grid-wrapper\"><article class=\"obfx-grid-col\">\t\t\t\t\t<div class=\"obfx-grid-col-image\">\n\t\t\t\t\t\t<a href=\"https:\/\/www.comprensivobrigida.edu.it\/site\/2024\/04\/22\/sospensione-attivita-didattiche-ponte-primo-maggio\/\" title=\"Sospensione attivit\u00e0 didattiche ponte 1 maggio 2024\">\n\t\t\t\t\t\t\t<img loading=\"lazy\" decoding=\"async\" width=\"259\" height=\"194\" src=\"https:\/\/www.comprensivobrigida.edu.it\/site\/wp-content\/uploads\/2023\/10\/download-1.jpg\" class=\"img-responsive wp-post-image\" alt=\"download (1)\" \/>\t\t\t\t\t\t<\/a>\n\t\t\t\t\t<\/div>\n\t\t\t\t<div class=\"obfx-grid-col-content\">\t\t\t<h2 class=\"entry-title obfx-grid-title\">\n\t\t\t\t\t\t\t<a href=\"https:\/\/www.comprensivobrigida.edu.it\/site\/2024\/04\/22\/sospensione-attivita-didattiche-ponte-primo-maggio\/\" title=\"Sospensione attivit\u00e0 didattiche ponte 1 maggio 2024\">\n\t\t\t\t\tSospensione attivit\u00e0 didattiche ponte 1 maggio 2024\t\t\t\t<\/a>\n\t\t\t\t\t\t\t<\/h2>\n\t\t\t\t\t\t\t<div class=\"entry-meta obfx-grid-meta\">\n\n\t\t\t\t\t\t\t\t\t\t\t\t\t<span class=\"obfx-grid-date\">\n\t\t\t\t\t\t\t\t\t<i class=\"fa fa-calendar\"><\/i>22 Aprile 2024\t\t\t\t\t\t\t\t<\/span>\n\t\t\t\t\t\t\t\t\n\t\t\t\t<\/div>\n\t\t\t\t\t\t\t<div class=\"entry-content obfx-grid-content\">\n\t\t\t\tVista la delibera Giunta Regione Molise n.134 del 21\/04\/2023 e vista la delibera del Consiglio d\u2019Istituto n. 54 del 09\/04\/2024, si comunica che per il ponte del 1 maggio \u00e8&hellip;\t\t\t<\/div>\n\t\t\t\t\t\t<div class=\"obfx-grid-footer\">\n\t\t\t\t<a href=\"https:\/\/www.comprensivobrigida.edu.it\/site\/2024\/04\/22\/sospensione-attivita-didattiche-ponte-primo-maggio\/\"\n\t\t\t\t   title=\"Leggi...\">Leggi...<\/a>\n\t\t\t<\/div>\n\t\t\t<\/div><!-- .obfx-grid-col-content --><\/article><\/div><div class=\"obfx-grid-wrapper\"><article class=\"obfx-grid-col\">\t\t\t\t\t<div class=\"obfx-grid-col-image\">\n\t\t\t\t\t\t<a href=\"https:\/\/www.comprensivobrigida.edu.it\/site\/2024\/04\/19\/cineforum-2\/\" title=\"Cineforum pomeridiano CIAK\/LILT\">\n\t\t\t\t\t\t\t<img loading=\"lazy\" decoding=\"async\" width=\"2048\" height=\"2048\" src=\"https:\/\/www.comprensivobrigida.edu.it\/site\/wp-content\/uploads\/2024\/04\/Foto-da-daniela-6.jpg\" class=\"img-responsive wp-post-image\" alt=\"Foto da daniela (6)\" srcset=\"https:\/\/www.comprensivobrigida.edu.it\/site\/wp-content\/uploads\/2024\/04\/Foto-da-daniela-6.jpg 2048w, https:\/\/www.comprensivobrigida.edu.it\/site\/wp-content\/uploads\/2024\/04\/Foto-da-daniela-6-300x300.jpg 300w, https:\/\/www.comprensivobrigida.edu.it\/site\/wp-content\/uploads\/2024\/04\/Foto-da-daniela-6-1024x1024.jpg 1024w, https:\/\/www.comprensivobrigida.edu.it\/site\/wp-content\/uploads\/2024\/04\/Foto-da-daniela-6-150x150.jpg 150w, https:\/\/www.comprensivobrigida.edu.it\/site\/wp-content\/uploads\/2024\/04\/Foto-da-daniela-6-768x768.jpg 768w, https:\/\/www.comprensivobrigida.edu.it\/site\/wp-content\/uploads\/2024\/04\/Foto-da-daniela-6-1536x1536.jpg 1536w, https:\/\/www.comprensivobrigida.edu.it\/site\/wp-content\/uploads\/2024\/04\/Foto-da-daniela-6-600x600.jpg 600w\" sizes=\"(max-width: 2048px) 100vw, 2048px\" \/>\t\t\t\t\t\t<\/a>\n\t\t\t\t\t<\/div>\n\t\t\t\t<div class=\"obfx-grid-col-content\">\t\t\t<h2 class=\"entry-title obfx-grid-title\">\n\t\t\t\t\t\t\t<a href=\"https:\/\/www.comprensivobrigida.edu.it\/site\/2024\/04\/19\/cineforum-2\/\" title=\"Cineforum pomeridiano CIAK\/LILT\">\n\t\t\t\t\tCineforum pomeridiano CIAK\/LILT\t\t\t\t<\/a>\n\t\t\t\t\t\t\t<\/h2>\n\t\t\t\t\t\t\t<div class=\"entry-meta obfx-grid-meta\">\n\n\t\t\t\t\t\t\t\t\t\t\t\t\t<span class=\"obfx-grid-date\">\n\t\t\t\t\t\t\t\t\t<i class=\"fa fa-calendar\"><\/i>19 Aprile 2024\t\t\t\t\t\t\t\t<\/span>\n\t\t\t\t\t\t\t\t\n\t\t\t\t<\/div>\n\t\t\t\t\t\t\t<div class=\"entry-content obfx-grid-content\">\n\t\t\t\tNell\u2019ambito del Progetto d&#8217;Istituto CIAK\u2026s&#8217;impara!, gioved\u00ec 02\/05\/2024 alle ore 16:30, presso l\u2019Auditorium Sala Cinema del plesso della Secondaria in via Cina, sar\u00e0 proiettato il cortometraggio documentario Terra sana per Uomini&hellip;\t\t\t<\/div>\n\t\t\t\t\t\t<div class=\"obfx-grid-footer\">\n\t\t\t\t<a href=\"https:\/\/www.comprensivobrigida.edu.it\/site\/2024\/04\/19\/cineforum-2\/\"\n\t\t\t\t   title=\"Leggi...\">Leggi...<\/a>\n\t\t\t<\/div>\n\t\t\t<\/div><!-- .obfx-grid-col-content --><\/article><\/div><div class=\"obfx-grid-wrapper\"><article class=\"obfx-grid-col obfx-no-image\"><div class=\"obfx-grid-col-content\">\t\t\t<h2 class=\"entry-title obfx-grid-title\">\n\t\t\t\t\t\t\t<a href=\"https:\/\/www.comprensivobrigida.edu.it\/site\/2024\/03\/27\/adempimenti-vaccinali-alunni-non-in-regola\/\" title=\"Adempimenti vaccinali alunni non in regola\">\n\t\t\t\t\tAdempimenti vaccinali alunni non in regola\t\t\t\t<\/a>\n\t\t\t\t\t\t\t<\/h2>\n\t\t\t\t\t\t\t<div class=\"entry-meta obfx-grid-meta\">\n\n\t\t\t\t\t\t\t\t\t\t\t\t\t<span class=\"obfx-grid-date\">\n\t\t\t\t\t\t\t\t\t<i class=\"fa fa-calendar\"><\/i>27 Marzo 2024\t\t\t\t\t\t\t\t<\/span>\n\t\t\t\t\t\t\t\t\n\t\t\t\t<\/div>\n\t\t\t\t\t\t\t<div class=\"entry-content obfx-grid-content\">\n\t\t\t\thttps:\/\/www.comprensivobrigida.edu.it\/site\/wp-content\/uploads\/2024\/03\/Prot-0004323_timb_adempimenti_vaccinali_alunni_non_in_regola_signed.pdf\t\t\t<\/div>\n\t\t\t\t\t\t<div class=\"obfx-grid-footer\">\n\t\t\t\t<a href=\"https:\/\/www.comprensivobrigida.edu.it\/site\/2024\/03\/27\/adempimenti-vaccinali-alunni-non-in-regola\/\"\n\t\t\t\t   title=\"Leggi...\">Leggi...<\/a>\n\t\t\t<\/div>\n\t\t\t<\/div><!-- .obfx-grid-col-content --><\/article><\/div><div class=\"obfx-grid-wrapper\"><article class=\"obfx-grid-col obfx-no-image\"><div class=\"obfx-grid-col-content\">\t\t\t<h2 class=\"entry-title obfx-grid-title\">\n\t\t\t\t\t\t\t<a href=\"https:\/\/www.comprensivobrigida.edu.it\/site\/2024\/03\/25\/calendario-indirizzo-sportivo\/\" title=\"Calendario progetto a  indirizzo sportivo\">\n\t\t\t\t\tCalendario progetto a  indirizzo sportivo\t\t\t\t<\/a>\n\t\t\t\t\t\t\t<\/h2>\n\t\t\t\t\t\t\t<div class=\"entry-meta obfx-grid-meta\">\n\n\t\t\t\t\t\t\t\t\t\t\t\t\t<span class=\"obfx-grid-date\">\n\t\t\t\t\t\t\t\t\t<i class=\"fa fa-calendar\"><\/i>25 Marzo 2024\t\t\t\t\t\t\t\t<\/span>\n\t\t\t\t\t\t\t\t\n\t\t\t\t<\/div>\n\t\t\t\t\t\t\t<div class=\"entry-content obfx-grid-content\">\n\t\t\t\tCALENDARIO INDIRIZZO SPORTIVO &#8211; QUI\t\t\t<\/div>\n\t\t\t\t\t\t<div class=\"obfx-grid-footer\">\n\t\t\t\t<a href=\"https:\/\/www.comprensivobrigida.edu.it\/site\/2024\/03\/25\/calendario-indirizzo-sportivo\/\"\n\t\t\t\t   title=\"Leggi...\">Leggi...<\/a>\n\t\t\t<\/div>\n\t\t\t<\/div><!-- .obfx-grid-col-content --><\/article><\/div><div class=\"obfx-grid-wrapper\"><article class=\"obfx-grid-col obfx-no-image\"><div class=\"obfx-grid-col-content\">\t\t\t<h2 class=\"entry-title obfx-grid-title\">\n\t\t\t\t\t\t\t<a href=\"https:\/\/www.comprensivobrigida.edu.it\/site\/2024\/03\/20\/ricevimento-quadrimestrale-genitori-tutori-aprile-2024\/\" title=\"Ricevimento quadrimestrale genitori\/tutori &#8211; aprile 2024\">\n\t\t\t\t\tRicevimento quadrimestrale genitori\/tutori &#8211; aprile 2024\t\t\t\t<\/a>\n\t\t\t\t\t\t\t<\/h2>\n\t\t\t\t\t\t\t<div class=\"entry-meta obfx-grid-meta\">\n\n\t\t\t\t\t\t\t\t\t\t\t\t\t<span class=\"obfx-grid-date\">\n\t\t\t\t\t\t\t\t\t<i class=\"fa fa-calendar\"><\/i>20 Marzo 2024\t\t\t\t\t\t\t\t<\/span>\n\t\t\t\t\t\t\t\t\n\t\t\t\t<\/div>\n\t\t\t\t\t\t\t<div class=\"entry-content obfx-grid-content\">\n\t\t\t\thttps:\/\/www.comprensivobrigida.edu.it\/site\/wp-content\/uploads\/2024\/03\/Prot-0003914_timb_ricevimento_generale_signed-1.pdf\t\t\t<\/div>\n\t\t\t\t\t\t<div class=\"obfx-grid-footer\">\n\t\t\t\t<a href=\"https:\/\/www.comprensivobrigida.edu.it\/site\/2024\/03\/20\/ricevimento-quadrimestrale-genitori-tutori-aprile-2024\/\"\n\t\t\t\t   title=\"Leggi...\">Leggi...<\/a>\n\t\t\t<\/div>\n\t\t\t<\/div><!-- .obfx-grid-col-content --><\/article><\/div><div class=\"obfx-grid-wrapper\"><article class=\"obfx-grid-col obfx-no-image\"><div class=\"obfx-grid-col-content\">\t\t\t<h2 class=\"entry-title obfx-grid-title\">\n\t\t\t\t\t\t\t<a href=\"https:\/\/www.comprensivobrigida.edu.it\/site\/2024\/03\/19\/sospensione-attivita-didattiche-periodo-pasquale\/\" title=\"Sospensione attivit\u00e0 didattiche periodo pasquale\">\n\t\t\t\t\tSospensione attivit\u00e0 didattiche periodo pasquale\t\t\t\t<\/a>\n\t\t\t\t\t\t\t<\/h2>\n\t\t\t\t\t\t\t<div class=\"entry-meta obfx-grid-meta\">\n\n\t\t\t\t\t\t\t\t\t\t\t\t\t<span class=\"obfx-grid-date\">\n\t\t\t\t\t\t\t\t\t<i class=\"fa fa-calendar\"><\/i>19 Marzo 2024\t\t\t\t\t\t\t\t<\/span>\n\t\t\t\t\t\t\t\t\n\t\t\t\t<\/div>\n\t\t\t\t\t\t\t<div class=\"entry-content obfx-grid-content\">\n\t\t\t\tVista la delibera Giunta Regione Molise n.134 del 21\/04\/2023, si comunica che per le festivit\u00e0 pasquali \u00e8 prevista la sospensione delle attivit\u00e0 didattiche da gioved\u00ec 28\/03\/2024 a marted\u00ec 02\/04\/2024. Le&hellip;\t\t\t<\/div>\n\t\t\t\t\t\t<div class=\"obfx-grid-footer\">\n\t\t\t\t<a href=\"https:\/\/www.comprensivobrigida.edu.it\/site\/2024\/03\/19\/sospensione-attivita-didattiche-periodo-pasquale\/\"\n\t\t\t\t   title=\"Leggi...\">Leggi...<\/a>\n\t\t\t<\/div>\n\t\t\t<\/div><!-- .obfx-grid-col-content --><\/article><\/div>\t\t\t\t<div class=\"obfx-grid-pagination\">\n\t\t\t\t\t\t\t\t\t\t<nav class=\"pagination\">\n\t\t\t\t\t\t<span aria-current=\"page\" class=\"page-numbers current\">1<\/span>\n<a class=\"page-numbers\" href=\"https:\/\/www.comprensivobrigida.edu.it\/site\/wp-json\/wp\/v2\/pages\/12406\/page\/2\/\">2<\/a>\n<a class=\"page-numbers\" href=\"https:\/\/www.comprensivobrigida.edu.it\/site\/wp-json\/wp\/v2\/pages\/12406\/page\/3\/\">3<\/a>\n<a class=\"page-numbers\" href=\"https:\/\/www.comprensivobrigida.edu.it\/site\/wp-json\/wp\/v2\/pages\/12406\/page\/4\/\">4<\/a>\n<span class=\"page-numbers dots\">&hellip;<\/span>\n<a class=\"page-numbers\" href=\"https:\/\/www.comprensivobrigida.edu.it\/site\/wp-json\/wp\/v2\/pages\/12406\/page\/82\/\">82<\/a>\n<a class=\"next page-numbers\" href=\"https:\/\/www.comprensivobrigida.edu.it\/site\/wp-json\/wp\/v2\/pages\/12406\/page\/2\/\">Next<\/a>\t\t\t\t\t<\/nav>\n\t\t\t\t<\/div>\n\t\t\t\t<\/div><!-- .obfx-grid-container --><\/div><!-- .obfx-grid -->\t\t<\/div>\n\t\t\t\t<\/div>\n\t\t\t\t\t<\/div>\n\t\t<\/div>\n\t\t\t\t\t\t\t<\/div>\n\t\t<\/section>\n\t\t\t\t<section class=\"has_eae_slider elementor-section elementor-top-section elementor-element elementor-element-6ef9b03 elementor-section-boxed elementor-section-height-default elementor-section-height-default\" data-id=\"6ef9b03\" data-element_type=\"section\">\n\t\t\t\t\t\t<div class=\"elementor-container elementor-column-gap-default\">\n\t\t\t\t\t<div class=\"has_eae_slider elementor-column elementor-col-100 elementor-top-column elementor-element elementor-element-d5d9cf2\" data-id=\"d5d9cf2\" data-element_type=\"column\">\n\t\t\t<div class=\"elementor-widget-wrap elementor-element-populated\">\n\t\t\t\t\t\t\t\t<div class=\"elementor-element elementor-element-56dfdb6 elementor-widget elementor-widget-text-editor\" data-id=\"56dfdb6\" data-element_type=\"widget\" data-widget_type=\"text-editor.default\">\n\t\t\t\t<div class=\"elementor-widget-container\">\n\t\t\t\t\t\t\t\t\t\t\t\t\t<\/div>\n\t\t\t\t<\/div>\n\t\t\t\t<div class=\"elementor-element elementor-element-3d58be8 elementor-widget-divider--view-line elementor-widget elementor-widget-divider\" data-id=\"3d58be8\" data-element_type=\"widget\" data-widget_type=\"divider.default\">\n\t\t\t\t<div class=\"elementor-widget-container\">\n\t\t\t<style>\/*! elementor - v3.5.6 - 28-02-2022 *\/\n.elementor-widget-divider{--divider-border-style:none;--divider-border-width:1px;--divider-color:#2c2c2c;--divider-icon-size:20px;--divider-element-spacing:10px;--divider-pattern-height:24px;--divider-pattern-size:20px;--divider-pattern-url:none;--divider-pattern-repeat:repeat-x}.elementor-widget-divider .elementor-divider{display:-webkit-box;display:-ms-flexbox;display:flex}.elementor-widget-divider .elementor-divider__text{font-size:15px;line-height:1;max-width:95%}.elementor-widget-divider .elementor-divider__element{margin:0 var(--divider-element-spacing);-ms-flex-negative:0;flex-shrink:0}.elementor-widget-divider .elementor-icon{font-size:var(--divider-icon-size)}.elementor-widget-divider .elementor-divider-separator{display:-webkit-box;display:-ms-flexbox;display:flex;margin:0;direction:ltr}.elementor-widget-divider--view-line_icon .elementor-divider-separator,.elementor-widget-divider--view-line_text .elementor-divider-separator{-webkit-box-align:center;-ms-flex-align:center;align-items:center}.elementor-widget-divider--view-line_icon .elementor-divider-separator:after,.elementor-widget-divider--view-line_icon .elementor-divider-separator:before,.elementor-widget-divider--view-line_text .elementor-divider-separator:after,.elementor-widget-divider--view-line_text .elementor-divider-separator:before{display:block;content:\"\";border-bottom:0;-webkit-box-flex:1;-ms-flex-positive:1;flex-grow:1;border-top:var(--divider-border-width) var(--divider-border-style) var(--divider-color)}.elementor-widget-divider--element-align-left .elementor-divider .elementor-divider-separator>.elementor-divider__svg:first-of-type{-webkit-box-flex:0;-ms-flex-positive:0;flex-grow:0;-ms-flex-negative:100;flex-shrink:100}.elementor-widget-divider--element-align-left .elementor-divider-separator:before{content:none}.elementor-widget-divider--element-align-left .elementor-divider__element{margin-left:0}.elementor-widget-divider--element-align-right .elementor-divider .elementor-divider-separator>.elementor-divider__svg:last-of-type{-webkit-box-flex:0;-ms-flex-positive:0;flex-grow:0;-ms-flex-negative:100;flex-shrink:100}.elementor-widget-divider--element-align-right .elementor-divider-separator:after{content:none}.elementor-widget-divider--element-align-right .elementor-divider__element{margin-right:0}.elementor-widget-divider:not(.elementor-widget-divider--view-line_text):not(.elementor-widget-divider--view-line_icon) .elementor-divider-separator{border-top:var(--divider-border-width) var(--divider-border-style) var(--divider-color)}.elementor-widget-divider--separator-type-pattern{--divider-border-style:none}.elementor-widget-divider--separator-type-pattern.elementor-widget-divider--view-line .elementor-divider-separator,.elementor-widget-divider--separator-type-pattern:not(.elementor-widget-divider--view-line) .elementor-divider-separator:after,.elementor-widget-divider--separator-type-pattern:not(.elementor-widget-divider--view-line) .elementor-divider-separator:before,.elementor-widget-divider--separator-type-pattern:not([class*=elementor-widget-divider--view]) .elementor-divider-separator{width:100%;min-height:var(--divider-pattern-height);-webkit-mask-size:var(--divider-pattern-size) 100%;mask-size:var(--divider-pattern-size) 100%;-webkit-mask-repeat:var(--divider-pattern-repeat);mask-repeat:var(--divider-pattern-repeat);background-color:var(--divider-color);-webkit-mask-image:var(--divider-pattern-url);mask-image:var(--divider-pattern-url)}.elementor-widget-divider--no-spacing{--divider-pattern-size:auto}.elementor-widget-divider--bg-round{--divider-pattern-repeat:round}.rtl .elementor-widget-divider .elementor-divider__text{direction:rtl}<\/style>\t\t<div class=\"elementor-divider\">\n\t\t\t<span class=\"elementor-divider-separator\">\n\t\t\t\t\t\t<\/span>\n\t\t<\/div>\n\t\t\t\t<\/div>\n\t\t\t\t<\/div>\n\t\t\t\t\t<\/div>\n\t\t<\/div>\n\t\t\t\t\t\t\t<\/div>\n\t\t<\/section>\n\t\t\t\t<section class=\"has_eae_slider elementor-section elementor-top-section elementor-element elementor-element-6c3cae7 elementor-section-boxed elementor-section-height-default elementor-section-height-default\" data-id=\"6c3cae7\" data-element_type=\"section\">\n\t\t\t\t\t\t<div class=\"elementor-container elementor-column-gap-default\">\n\t\t\t\t\t<div class=\"has_eae_slider elementor-column elementor-col-100 elementor-top-column elementor-element elementor-element-8b0bbed\" data-id=\"8b0bbed\" data-element_type=\"column\">\n\t\t\t<div class=\"elementor-widget-wrap elementor-element-populated\">\n\t\t\t\t\t\t\t\t<div class=\"elementor-element elementor-element-760adfa elementor-widget elementor-widget-text-editor\" data-id=\"760adfa\" data-element_type=\"widget\" data-widget_type=\"text-editor.default\">\n\t\t\t\t<div class=\"elementor-widget-container\">\n\t\t\t\t\t\t\t\t\t\t\t\t\t<\/div>\n\t\t\t\t<\/div>\n\t\t\t\t<div class=\"elementor-element elementor-element-09e1646 elementor-widget-divider--view-line elementor-widget elementor-widget-divider\" data-id=\"09e1646\" data-element_type=\"widget\" data-widget_type=\"divider.default\">\n\t\t\t\t<div class=\"elementor-widget-container\">\n\t\t\t\t\t<div class=\"elementor-divider\">\n\t\t\t<span class=\"elementor-divider-separator\">\n\t\t\t\t\t\t<\/span>\n\t\t<\/div>\n\t\t\t\t<\/div>\n\t\t\t\t<\/div>\n\t\t\t\t<div class=\"elementor-element elementor-element-78f4f0f elementor-widget elementor-widget-text-editor\" data-id=\"78f4f0f\" data-element_type=\"widget\" data-widget_type=\"text-editor.default\">\n\t\t\t\t<div class=\"elementor-widget-container\">\n\t\t\t\t\t\t\t\t\t\t\t\t\t<\/div>\n\t\t\t\t<\/div>\n\t\t\t\t<div class=\"elementor-element elementor-element-e6f9956 elementor-widget-divider--view-line elementor-widget elementor-widget-divider\" data-id=\"e6f9956\" data-element_type=\"widget\" data-widget_type=\"divider.default\">\n\t\t\t\t<div class=\"elementor-widget-container\">\n\t\t\t\t\t<div class=\"elementor-divider\">\n\t\t\t<span class=\"elementor-divider-separator\">\n\t\t\t\t\t\t<\/span>\n\t\t<\/div>\n\t\t\t\t<\/div>\n\t\t\t\t<\/div>\n\t\t\t\t\t<\/div>\n\t\t<\/div>\n\t\t\t\t\t\t\t<\/div>\n\t\t<\/section>\n\t\t\t\t<section class=\"has_eae_slider elementor-section elementor-top-section elementor-element elementor-element-03e35ab elementor-section-boxed elementor-section-height-default elementor-section-height-default\" data-id=\"03e35ab\" data-element_type=\"section\">\n\t\t\t\t\t\t<div class=\"elementor-container elementor-column-gap-default\">\n\t\t\t\t\t<div class=\"has_eae_slider elementor-column elementor-col-100 elementor-top-column elementor-element elementor-element-b9e4a8b\" data-id=\"b9e4a8b\" data-element_type=\"column\">\n\t\t\t<div class=\"elementor-widget-wrap elementor-element-populated\">\n\t\t\t\t\t\t\t\t<div class=\"elementor-element elementor-element-dbbcea7 elementor-widget elementor-widget-text-editor\" data-id=\"dbbcea7\" data-element_type=\"widget\" data-widget_type=\"text-editor.default\">\n\t\t\t\t<div class=\"elementor-widget-container\">\n\t\t\t\t\t\t\t\t\t\t\t\t\t<\/div>\n\t\t\t\t<\/div>\n\t\t\t\t\t<\/div>\n\t\t<\/div>\n\t\t\t\t\t\t\t<\/div>\n\t\t<\/section>\n\t\t\t\t\t\t<\/div>\n\t\t\t\t\t<\/div>\n\t\t","protected":false},"excerpt":{"rendered":"<p>MODULISTICA GENITORI Circolare n. 43 &#8211; IO LEGGO PERCHE 19 Novembre 2021 IO LEGGO PERCHE &#8211; _23io_leggo_perche_signed.pdf Leggi&#8230; MODALITA DI COMUNICAZIONE SCUOLA -FAMIGLIA 16 Novembre 2021 MODALITA DI COMUNICAZIONE &nbsp;SCUOLA -FAMIGLIA&nbsp; &#8211; Modalita_di_comunicazione_scuola-famiglia-1_signed.pdf Leggi&#8230; Riapertura termini selezione alunni per partecipazione a progetti PON 11 Novembre 2021 Sono riaperti i termini per l\u2019individuazione degli alunni della [&hellip;]<\/p>\n","protected":false},"author":1,"featured_media":0,"parent":0,"menu_order":0,"comment_status":"closed","ping_status":"closed","template":"","meta":{"footnotes":""},"_links":{"self":[{"href":"https:\/\/www.comprensivobrigida.edu.it\/site\/wp-json\/wp\/v2\/pages\/12406"}],"collection":[{"href":"https:\/\/www.comprensivobrigida.edu.it\/site\/wp-json\/wp\/v2\/pages"}],"about":[{"href":"https:\/\/www.comprensivobrigida.edu.it\/site\/wp-json\/wp\/v2\/types\/page"}],"author":[{"embeddable":true,"href":"https:\/\/www.comprensivobrigida.edu.it\/site\/wp-json\/wp\/v2\/users\/1"}],"replies":[{"embeddable":true,"href":"https:\/\/www.comprensivobrigida.edu.it\/site\/wp-json\/wp\/v2\/comments?post=12406"}],"version-history":[{"count":49,"href":"https:\/\/www.comprensivobrigida.edu.it\/site\/wp-json\/wp\/v2\/pages\/12406\/revisions"}],"predecessor-version":[{"id":20704,"href":"https:\/\/www.comprensivobrigida.edu.it\/site\/wp-json\/wp\/v2\/pages\/12406\/revisions\/20704"}],"wp:attachment":[{"href":"https:\/\/www.comprensivobrigida.edu.it\/site\/wp-json\/wp\/v2\/media?parent=12406"}],"curies":[{"name":"wp","href":"https:\/\/api.w.org\/{rel}","templated":true}]}}